{"id":312,"date":"2011-04-25T01:22:40","date_gmt":"2011-04-25T01:22:40","guid":{"rendered":"http:\/\/avelengua.org.ve\/cms\/?page_id=312"},"modified":"2011-06-16T18:35:51","modified_gmt":"2011-06-16T23:05:51","slug":"comision-de-publicaciones","status":"publish","type":"page","link":"https:\/\/avelengua.org.ve\/cms\/comisiones\/comision-de-publicaciones\/","title":{"rendered":"Comisi\u00f3n de publicaciones"},"content":{"rendered":"<p>Tiene por finalidad promover y producir las ediciones de la corporaci\u00f3n, tanto de las de car\u00e1cter peri\u00f3dico, como el Bolet\u00edn, como de las circunstanciales, como los Discursos de Incorporaci\u00f3n, as\u00ed como de las distintas colecciones en que se ofrecen los resultados de investigaci\u00f3n y creaci\u00f3n de los acad\u00e9micos como de colaboraciones de estudiosos nacionales e internacionales.<\/p>\n<p>Coordinada actualmente por D. Francisco Javier P\u00e9rez, est\u00e1 integrada por D. Atanasio Alegre, D. Leonardo Azparren Gim\u00e9nez, D. Horacio Biord Castillo, D. Rafael Tom\u00e1s Caldera, D. Edgar Colmenares del Valle y D. Rafael \u00c1ngel Rivas Dugarte.<\/p>\n","protected":false},"excerpt":{"rendered":"<p>Tiene por finalidad promover y producir las ediciones de la corporaci\u00f3n, tanto de las de car\u00e1cter peri\u00f3dico, como el Bolet\u00edn, como de las circunstanciales, como los Discursos de Incorporaci\u00f3n, as\u00ed como de las distintas colecciones en que se ofrecen los resultados de investigaci\u00f3n y creaci\u00f3n de los acad\u00e9micos como de colaboraciones de estudiosos nacionales e&#8230;<br \/><a href=\"https:\/\/avelengua.org.ve\/cms\/comisiones\/comision-de-publicaciones\/\">Ver m&aacute;s &raquo;<\/a><\/p>\n","protected":false},"author":1,"featured_media":0,"parent":7,"menu_order":0,"comment_status":"open","ping_status":"open","template":"","meta":{"ngg_post_thumbnail":0,"footnotes":""},"class_list":["post-312","page","type-page","status-publish","hentry"],"_links":{"self":[{"href":"https:\/\/avelengua.org.ve\/cms\/wp-json\/wp\/v2\/pages\/312","targetHints":{"allow":["GET"]}}],"collection":[{"href":"https:\/\/avelengua.org.ve\/cms\/wp-json\/wp\/v2\/pages"}],"about":[{"href":"https:\/\/avelengua.org.ve\/cms\/wp-json\/wp\/v2\/types\/page"}],"author":[{"embeddable":true,"href":"https:\/\/avelengua.org.ve\/cms\/wp-json\/wp\/v2\/users\/1"}],"replies":[{"embeddable":true,"href":"https:\/\/avelengua.org.ve\/cms\/wp-json\/wp\/v2\/comments?post=312"}],"version-history":[{"count":3,"href":"https:\/\/avelengua.org.ve\/cms\/wp-json\/wp\/v2\/pages\/312\/revisions"}],"predecessor-version":[{"id":315,"href":"https:\/\/avelengua.org.ve\/cms\/wp-json\/wp\/v2\/pages\/312\/revisions\/315"}],"up":[{"embeddable":true,"href":"https:\/\/avelengua.org.ve\/cms\/wp-json\/wp\/v2\/pages\/7"}],"wp:attachment":[{"href":"https:\/\/avelengua.org.ve\/cms\/wp-json\/wp\/v2\/media?parent=312"}],"curies":[{"name":"wp","href":"https:\/\/api.w.org\/{rel}","templated":true}]}}