{"id":51,"date":"2010-12-09T01:51:19","date_gmt":"2010-12-09T01:51:19","guid":{"rendered":"http:\/\/avelengua.org.ve\/cms\/?page_id=51"},"modified":"2014-01-29T09:08:50","modified_gmt":"2014-01-29T13:38:50","slug":"departamento-de-administracion","status":"publish","type":"page","link":"https:\/\/avelengua.org.ve\/cms\/comisiones\/departamento-de-administracion\/","title":{"rendered":"Comisi\u00f3n de lexicograf\u00eda"},"content":{"rendered":"<p>Tiene por finalidad la recolecci\u00f3n, revisi\u00f3n y estudio de materiales l\u00e9xicos pasados o presentes del espa\u00f1ol general, del espa\u00f1ol americano y, muy especialmente, del espa\u00f1ol de Venezuela. Una de sus tareas m\u00e1s determinantes es la de participar cient\u00edficamente en los proyectos lexicogr\u00e1ficos de la Asociaci\u00f3n de Academias de la Lengua Espa\u00f1ola.<\/p>\n<p><img loading=\"lazy\" decoding=\"async\" class=\"size-full wp-image-374 alignleft\" title=\"sinonimos-sin-diccionario-small\" alt=\"\" src=\"http:\/\/avelengua.org.ve\/cms\/wp-content\/uploads\/2010\/12\/sinonimos-sin-diccionario-small.jpg\" width=\"180\" height=\"130\" \/>Tradicionalmente, esta comisi\u00f3n ha contribuido en la elaboraci\u00f3n de las distintas ediciones del Diccionario de la Lengua Espa\u00f1ola, de la Real Academia Espa\u00f1ola, conocido como DRAE. Recientemente, ha intervenido en la elaboraci\u00f3n del Diccionario panhisp\u00e1nico de dudas (2005), del Diccionario esencial de la lengua espa\u00f1ola (2006) y del Diccionario de americanismos (2010).<\/p>\n<p>La Comisi\u00f3n de Lexicograf\u00eda en conjunto con la Comisi\u00f3n de Gram\u00e1tica conducir\u00e1 y divulgar\u00e1 el &#8220;Premio Andr\u00e9s Bello&#8221;, un galard\u00f3n que convoca a investigadores en ling\u00fb\u00edstica y literatura, menciones que se alternan de a\u00f1o en a\u00f1o. Estas comisiones ser\u00e1n las encargadas de promover y\u00a0coordinadar las acciones que correspondan a las ediciones ling\u00fb\u00edsticas del premio, bajo la supervisi\u00f3n de la Junta Directiva de la corporaci\u00f3n.<\/p>\n<p>Coordinada\u00a0actualmente por D. Luis Barrera Linares, est\u00e1 integrada por D. Horacio Biord Castillo, D. Edgar Colmenares del Valle, Da. Luc\u00eda Fraca de Barrera, Da. Yraida S\u00e1nchez de Ram\u00edrez,\u00a0 D. Francisco Javier P\u00e9rez, y los miembros correspondientes D. C\u00e9sar Villegas Santana y D. Francisco Freites Barros.<\/p>\n","protected":false},"excerpt":{"rendered":"<p>Tiene por finalidad la recolecci\u00f3n, revisi\u00f3n y estudio de materiales l\u00e9xicos pasados o presentes del espa\u00f1ol general, del espa\u00f1ol americano y, muy especialmente, del espa\u00f1ol de Venezuela. Una de sus tareas m\u00e1s determinantes es la de participar cient\u00edficamente en los proyectos lexicogr\u00e1ficos de la Asociaci\u00f3n de Academias de la Lengua Espa\u00f1ola. Tradicionalmente, esta comisi\u00f3n ha&#8230;<br \/><a href=\"https:\/\/avelengua.org.ve\/cms\/comisiones\/departamento-de-administracion\/\">Ver m&aacute;s &raquo;<\/a><\/p>\n","protected":false},"author":1,"featured_media":0,"parent":7,"menu_order":0,"comment_status":"open","ping_status":"open","template":"","meta":{"ngg_post_thumbnail":0,"footnotes":""},"class_list":["post-51","page","type-page","status-publish","hentry"],"_links":{"self":[{"href":"https:\/\/avelengua.org.ve\/cms\/wp-json\/wp\/v2\/pages\/51","targetHints":{"allow":["GET"]}}],"collection":[{"href":"https:\/\/avelengua.org.ve\/cms\/wp-json\/wp\/v2\/pages"}],"about":[{"href":"https:\/\/avelengua.org.ve\/cms\/wp-json\/wp\/v2\/types\/page"}],"author":[{"embeddable":true,"href":"https:\/\/avelengua.org.ve\/cms\/wp-json\/wp\/v2\/users\/1"}],"replies":[{"embeddable":true,"href":"https:\/\/avelengua.org.ve\/cms\/wp-json\/wp\/v2\/comments?post=51"}],"version-history":[{"count":20,"href":"https:\/\/avelengua.org.ve\/cms\/wp-json\/wp\/v2\/pages\/51\/revisions"}],"predecessor-version":[{"id":1263,"href":"https:\/\/avelengua.org.ve\/cms\/wp-json\/wp\/v2\/pages\/51\/revisions\/1263"}],"up":[{"embeddable":true,"href":"https:\/\/avelengua.org.ve\/cms\/wp-json\/wp\/v2\/pages\/7"}],"wp:attachment":[{"href":"https:\/\/avelengua.org.ve\/cms\/wp-json\/wp\/v2\/media?parent=51"}],"curies":[{"name":"wp","href":"https:\/\/api.w.org\/{rel}","templated":true}]}}