{"id":7,"date":"2010-12-08T23:54:13","date_gmt":"2010-12-08T23:54:13","guid":{"rendered":"http:\/\/avelengua.org.ve\/cms\/?page_id=7"},"modified":"2011-04-25T01:30:05","modified_gmt":"2011-04-25T01:30:05","slug":"comisiones","status":"publish","type":"page","link":"https:\/\/avelengua.org.ve\/cms\/comisiones\/","title":{"rendered":"Comisiones"},"content":{"rendered":"<p>El trabajo de la Academia Venezolana de la Lengua se organiza por medio de un grupo de comisiones, integradas por individuos de n\u00famero y miembros correspondientes, que tienen por objeto satisfacer las necesidades de estudio de la corporaci\u00f3n.<\/p>\n<p>Son cinco las comisiones actuales:<\/p>\n<ul>\n<li><a title=\"Comisi\u00f3n de lexicograf\u00eda\" href=\"http:\/\/avelengua.org.ve\/cms\/comisiones\/departamento-de-administracion\/\">Comisi\u00f3n de lexicograf\u00eda<\/a><\/li>\n<li><a title=\"Comisi\u00f3n de gram\u00e1tica\" href=\"http:\/\/avelengua.org.ve\/cms\/comisiones\/comision-de-gramatica\/\">Comisi\u00f3n de gram\u00e1tica<\/a><\/li>\n<li><a title=\"Comisi\u00f3n de literatura\" href=\"http:\/\/avelengua.org.ve\/cms\/comisiones\/comision-de-literatura\/\">Comisi\u00f3n de literatura<\/a><\/li>\n<li><a title=\"Comisi\u00f3n de publicaciones\" href=\"http:\/\/avelengua.org.ve\/cms\/comisiones\/comision-de-publicaciones\/\">Comisi\u00f3n de publicaciones<\/a><\/li>\n<li><a title=\"Comisiones transitorias\" href=\"http:\/\/avelengua.org.ve\/cms\/comisiones\/comisiones-transitorias\/\">Comisiones transitorias<\/a><\/li>\n<\/ul>\n<p>&nbsp;<\/p>\n","protected":false},"excerpt":{"rendered":"<p>El trabajo de la Academia Venezolana de la Lengua se organiza por medio de un grupo de comisiones, integradas por individuos de n\u00famero y miembros correspondientes, que tienen por objeto satisfacer las necesidades de estudio de la corporaci\u00f3n. Son cinco las comisiones actuales: Comisi\u00f3n de lexicograf\u00eda Comisi\u00f3n de gram\u00e1tica Comisi\u00f3n de literatura Comisi\u00f3n de publicaciones&#8230;<br \/><a href=\"https:\/\/avelengua.org.ve\/cms\/comisiones\/\">Ver m&aacute;s &raquo;<\/a><\/p>\n","protected":false},"author":1,"featured_media":0,"parent":0,"menu_order":0,"comment_status":"open","ping_status":"closed","template":"","meta":{"ngg_post_thumbnail":0,"footnotes":""},"class_list":["post-7","page","type-page","status-publish","hentry"],"_links":{"self":[{"href":"https:\/\/avelengua.org.ve\/cms\/wp-json\/wp\/v2\/pages\/7","targetHints":{"allow":["GET"]}}],"collection":[{"href":"https:\/\/avelengua.org.ve\/cms\/wp-json\/wp\/v2\/pages"}],"about":[{"href":"https:\/\/avelengua.org.ve\/cms\/wp-json\/wp\/v2\/types\/page"}],"author":[{"embeddable":true,"href":"https:\/\/avelengua.org.ve\/cms\/wp-json\/wp\/v2\/users\/1"}],"replies":[{"embeddable":true,"href":"https:\/\/avelengua.org.ve\/cms\/wp-json\/wp\/v2\/comments?post=7"}],"version-history":[{"count":6,"href":"https:\/\/avelengua.org.ve\/cms\/wp-json\/wp\/v2\/pages\/7\/revisions"}],"predecessor-version":[{"id":163,"href":"https:\/\/avelengua.org.ve\/cms\/wp-json\/wp\/v2\/pages\/7\/revisions\/163"}],"wp:attachment":[{"href":"https:\/\/avelengua.org.ve\/cms\/wp-json\/wp\/v2\/media?parent=7"}],"curies":[{"name":"wp","href":"https:\/\/api.w.org\/{rel}","templated":true}]}}